{"id":14917,"date":"2023-06-25T21:37:02","date_gmt":"2023-06-26T02:37:02","guid":{"rendered":"https:\/\/frenchkisscook.com\/a-propos-dalix-et-de-french-kiss-cook\/"},"modified":"2026-04-17T19:33:00","modified_gmt":"2026-04-18T00:33:00","slug":"a-propos-dalix-et-de-french-kiss-cook","status":"publish","type":"page","link":"https:\/\/frenchkisscook.com\/fr\/a-propos-dalix-et-de-french-kiss-cook\/","title":{"rendered":"\u00c0 propos d\u2019Alix et de French Kiss Cook"},"content":{"rendered":"\n<h2 class=\"wp-block-heading\" id=\"h-about-alix-and-the-french-kiss-cook\"><span style=\"text-decoration: underline;\">\u00c0 propos d\u2019Alix et de French Kiss Cook<\/span><\/h2>\n\n<p>Bonjour ! Je m\u2019appelle Alix et merci d\u2019\u00eatre ici ! <\/p>\n\n<p>J\u2019ai cr\u00e9\u00e9 French Kiss Cook en 2008 afin de conserver les recettes de famille et celles que j\u2019avais essay\u00e9es. \u00c0 l\u2019\u00e9poque, c\u2019\u00e9tait probablement plus un journal de recettes qu\u2019autre chose.<br\/>Depuis, j\u2019ai obtenu des dipl\u00f4mes dans deux \u00e9coles culinaires diff\u00e9rentes. J\u2019ai v\u00e9cu un peu partout au Canada pour le travail, et la distance avec ma famille devenait difficile.<br\/>Je suis finalement retourn\u00e9e dans ma ville natale, Winnipeg, o\u00f9 j\u2019ai ouvert deux boulangeries \u00e0 succ\u00e8s.<br\/>Apr\u00e8s avoir vendu mon entreprise en 2023, j\u2019ai d\u00e9cid\u00e9 de redonner vie \u00e0 French Kiss Cook !     <\/p>\n\n<p>Pour moi, la cuisine consiste \u00e0 utiliser des ingr\u00e9dients frais afin de r\u00e9v\u00e9ler des saveurs incroyables dans la cuisine de tous les jours. La plupart d\u2019entre nous ont grandi avec un r\u00e9pertoire limit\u00e9 de recettes maison, qui nous apporte toujours du r\u00e9confort. Pr\u00e9parer les plats du quotidien peut \u00eatre une toute autre histoire et devenir parfois frustrant ! French Kiss Cook a toujours \u00e9t\u00e9 pour moi un moyen d\u2019associer ces saveurs famili\u00e8res \u00e0 de nouveaux ingr\u00e9dients et techniques, et je suis ravie de pouvoir les partager avec vous !   <\/p>\n\n<p>Apprenez-en davantage sur moi en faisant d\u00e9filer la page, ou commencez \u00e0 explorer <a href=\"https:\/\/frenchkisscook.com\/fr\/index-des-recettes\/\">mes recettes<\/a> !<\/p>\n\n<figure class=\"wp-block-gallery has-nested-images columns-default is-cropped wp-block-gallery-1 is-layout-flex wp-block-gallery-is-layout-flex\">\n<figure class=\"wp-block-image size-large is-resized\"><img decoding=\"async\" width=\"720\" height=\"720\" fetchpriority=\"high\" data-id=\"1100\" src=\"https:\/\/frenchkisscook.com\/wp-content\/uploads\/2023\/09\/IMG_0653square-720x720.jpg?crop=1\" alt=\"Poulet et quenelles dans un bol.\" class=\"wp-image-1100\" style=\"width:undefinedpx;height:undefinedpx\" srcset=\"https:\/\/frenchkisscook.com\/wp-content\/uploads\/2023\/09\/IMG_0653square-720x720.jpg?v=1775002354 720w, https:\/\/frenchkisscook.com\/wp-content\/uploads\/2023\/09\/IMG_0653square-360x360.jpg?v=1775002354 360w, https:\/\/frenchkisscook.com\/wp-content\/uploads\/2023\/09\/IMG_0653square-180x180.jpg?v=1775002354 180w, https:\/\/frenchkisscook.com\/wp-content\/uploads\/2023\/09\/IMG_0653square-768x768.jpg?v=1775002354 768w, https:\/\/frenchkisscook.com\/wp-content\/uploads\/2023\/09\/IMG_0653square-500x500.jpg?v=1775002354 500w, https:\/\/frenchkisscook.com\/wp-content\/uploads\/2023\/09\/IMG_0653square.jpg?v=1775002354 1200w\" sizes=\"(max-width: 720px) 100vw, 720px\" \/><\/figure>\n\n\n\n<figure class=\"wp-block-image size-large is-resized\"><img loading=\"lazy\" decoding=\"async\" width=\"720\" height=\"720\" data-id=\"1068\" src=\"https:\/\/frenchkisscook.com\/wp-content\/uploads\/2023\/09\/Buffalo-Chicken-Dip-Square-3-1-720x720.jpg?crop=1\" alt=\"Dip de poulet Buffalo dans un plat &#xE0; gratin blanc.\" class=\"wp-image-1068\" style=\"width:undefinedpx;height:undefinedpx\" srcset=\"https:\/\/frenchkisscook.com\/wp-content\/uploads\/2023\/09\/Buffalo-Chicken-Dip-Square-3-1-720x720.jpg?v=1775002361 720w, https:\/\/frenchkisscook.com\/wp-content\/uploads\/2023\/09\/Buffalo-Chicken-Dip-Square-3-1-360x360.jpg?v=1775002361 360w, https:\/\/frenchkisscook.com\/wp-content\/uploads\/2023\/09\/Buffalo-Chicken-Dip-Square-3-1-180x180.jpg?v=1775002361 180w, https:\/\/frenchkisscook.com\/wp-content\/uploads\/2023\/09\/Buffalo-Chicken-Dip-Square-3-1-768x768.jpg?v=1775002361 768w, https:\/\/frenchkisscook.com\/wp-content\/uploads\/2023\/09\/Buffalo-Chicken-Dip-Square-3-1-500x500.jpg?v=1775002361 500w, https:\/\/frenchkisscook.com\/wp-content\/uploads\/2023\/09\/Buffalo-Chicken-Dip-Square-3-1.jpg?v=1775002361 1200w\" sizes=\"auto, (max-width: 720px) 100vw, 720px\" \/><\/figure>\n\n\n\n<figure class=\"wp-block-image size-large is-resized\"><img loading=\"lazy\" decoding=\"async\" width=\"720\" height=\"720\" data-id=\"1169\" src=\"https:\/\/frenchkisscook.com\/wp-content\/uploads\/2023\/09\/IMG_0716_EDITEDSQUARE-720x720.jpg?crop=1\" alt=\"Un quart de poulet cuit sur une assiette avec du riz.\" class=\"wp-image-1169\" style=\"width:undefinedpx;height:undefinedpx\" srcset=\"https:\/\/frenchkisscook.com\/wp-content\/uploads\/2023\/09\/IMG_0716_EDITEDSQUARE-720x720.jpg?v=1775002338 720w, https:\/\/frenchkisscook.com\/wp-content\/uploads\/2023\/09\/IMG_0716_EDITEDSQUARE-360x360.jpg?v=1775002338 360w, https:\/\/frenchkisscook.com\/wp-content\/uploads\/2023\/09\/IMG_0716_EDITEDSQUARE-180x180.jpg?v=1775002338 180w, https:\/\/frenchkisscook.com\/wp-content\/uploads\/2023\/09\/IMG_0716_EDITEDSQUARE-768x768.jpg?v=1775002338 768w, https:\/\/frenchkisscook.com\/wp-content\/uploads\/2023\/09\/IMG_0716_EDITEDSQUARE-500x500.jpg?v=1775002338 500w, https:\/\/frenchkisscook.com\/wp-content\/uploads\/2023\/09\/IMG_0716_EDITEDSQUARE.jpg?v=1775002338 1200w\" sizes=\"auto, (max-width: 720px) 100vw, 720px\" \/><\/figure>\n<\/figure>\n\n<h2 class=\"wp-block-heading\" id=\"h-my-personal-journey\">Mon parcours personnel <\/h2>\n\n<p>J'ai grandi \u00e0 Winnipeg, au Canada, dans une grande famille franco-canadienne. La musique et la bonne bouffe \u00e9taient omnipr\u00e9sentes dans notre quotidien. Il n'est donc pas \u00e9tonnant que ce soient mes deux grandes passions. J'ai toujours aim\u00e9 cuisiner et jardiner en famille, mais je n'avais jamais pens\u00e9 \u00e0 en faire mon m\u00e9tier. La musique a toujours \u00e9t\u00e9 ma passion, et j'ai m\u00eame continu\u00e9 \u00e0 \u00e9tudier le piano jusqu'\u00e0 l'universit\u00e9, o\u00f9 j'ai entrepris des \u00e9tudes en \u00e9ducation musicale.     Pendant une ann\u00e9e sabbatique \u00e0 l'universit\u00e9, j'ai suivi un cours de p\u00e2tisserie et je suis rapidement retomb\u00e9e amoureuse du plaisir d'\u00eatre dans la cuisine. <\/p>\n\n<p>Apr\u00e8s avoir obtenu mon dipl\u00f4me en p\u00e2tisserie avanc\u00e9e au Cordon Bleu, j'\u00e9tais pr\u00eate \u00e0 conqu\u00e9rir le monde culinaire ! J'ai eu la chance de travailler dans des h\u00f4tels haut de gamme, des cha\u00eenes de boulangeries et des restaurants \u00e0 travers le pays. En 2013, mon retour dans ma ville natale a \u00e9t\u00e9 un v\u00e9ritable retour aux sources, et tout s'est encha\u00een\u00e9 tr\u00e8s vite ! Quelques ann\u00e9es plus tard, j'\u00e9tais mari\u00e9e \u00e0 mon merveilleux mari, on avait fait construire notre maison, on g\u00e9rait un restaurant et on avait ouvert une boulangerie. Huit ann\u00e9es extraordinaires et une pand\u00e9mie mondiale plus tard, j'aspirais \u00e0 un nouveau d\u00e9part. En 2024, la vente de mon entreprise m'a permis de me consacrer \u00e0 des projets plus personnels.      Et voil\u00e0, le French Kiss Cook faisait son grand retour ! <\/p>\n\n<figure class=\"wp-block-gallery has-nested-images columns-default is-cropped wp-block-gallery-2 is-layout-flex wp-block-gallery-is-layout-flex\">\n<figure class=\"wp-block-image size-large\"><img loading=\"lazy\" decoding=\"async\" width=\"604\" height=\"401\" data-id=\"1365\" src=\"https:\/\/frenchkisscook.com\/wp-content\/uploads\/2023\/10\/1916824_184630781903_5137011_n.jpg\" alt=\"Un groupe de chefs culinaires lors de leur remise de dipl&#xF4;me.\" class=\"wp-image-1365\" srcset=\"https:\/\/frenchkisscook.com\/wp-content\/uploads\/2023\/10\/1916824_184630781903_5137011_n.jpg?v=1775002294 604w, https:\/\/frenchkisscook.com\/wp-content\/uploads\/2023\/10\/1916824_184630781903_5137011_n-360x239.jpg?v=1775002294 360w, https:\/\/frenchkisscook.com\/wp-content\/uploads\/2023\/10\/1916824_184630781903_5137011_n-180x120.jpg?v=1775002294 180w\" sizes=\"auto, (max-width: 604px) 100vw, 604px\" \/><\/figure>\n\n\n\n<figure class=\"wp-block-image size-large\"><img loading=\"lazy\" decoding=\"async\" width=\"720\" height=\"960\" data-id=\"1369\" src=\"https:\/\/frenchkisscook.com\/wp-content\/uploads\/2023\/10\/13220848_10156974527625078_1351510181446692806_n.jpg\" alt=\"Article de journal &#xE0; propos d&#x2019;une boulangerie.\" class=\"wp-image-1369\" srcset=\"https:\/\/frenchkisscook.com\/wp-content\/uploads\/2023\/10\/13220848_10156974527625078_1351510181446692806_n.jpg?v=1775002291 720w, https:\/\/frenchkisscook.com\/wp-content\/uploads\/2023\/10\/13220848_10156974527625078_1351510181446692806_n-360x480.jpg?v=1775002291 360w, https:\/\/frenchkisscook.com\/wp-content\/uploads\/2023\/10\/13220848_10156974527625078_1351510181446692806_n-180x240.jpg?v=1775002291 180w\" sizes=\"auto, (max-width: 720px) 100vw, 720px\" \/><\/figure>\n\n\n\n<figure class=\"wp-block-image size-large\"><img loading=\"lazy\" decoding=\"async\" width=\"720\" height=\"960\" data-id=\"1367\" src=\"https:\/\/frenchkisscook.com\/wp-content\/uploads\/2023\/10\/10474741_1004623876222317_488013851170818686_o-720x960.jpg?v=1775002293\" alt=\"Photo de groupe de chefs, posant devant un lac avec une cha&#xEE;ne de montagnes en arri&#xE8;re-plan.\" class=\"wp-image-1367\" srcset=\"https:\/\/frenchkisscook.com\/wp-content\/uploads\/2023\/10\/10474741_1004623876222317_488013851170818686_o-720x960.jpg?v=1775002293 720w, https:\/\/frenchkisscook.com\/wp-content\/uploads\/2023\/10\/10474741_1004623876222317_488013851170818686_o-360x480.jpg?v=1775002293 360w, https:\/\/frenchkisscook.com\/wp-content\/uploads\/2023\/10\/10474741_1004623876222317_488013851170818686_o-768x1024.jpg?v=1775002293 768w, https:\/\/frenchkisscook.com\/wp-content\/uploads\/2023\/10\/10474741_1004623876222317_488013851170818686_o-1152x1536.jpg?v=1775002293 1152w, https:\/\/frenchkisscook.com\/wp-content\/uploads\/2023\/10\/10474741_1004623876222317_488013851170818686_o-180x240.jpg?v=1775002293 180w, https:\/\/frenchkisscook.com\/wp-content\/uploads\/2023\/10\/10474741_1004623876222317_488013851170818686_o.jpg?v=1775002293 1536w\" sizes=\"auto, (max-width: 720px) 100vw, 720px\" \/><\/figure>\n\n\n\n<figure class=\"wp-block-image size-large\"><img loading=\"lazy\" decoding=\"async\" width=\"720\" height=\"480\" data-id=\"1366\" src=\"https:\/\/frenchkisscook.com\/wp-content\/uploads\/2023\/10\/468853_10151204604070968_38987680_o-720x480.jpg?v=1775002294\" alt=\"Photo de groupe de l'&#xE9;quipe d'un restaurant.\" class=\"wp-image-1366\" srcset=\"https:\/\/frenchkisscook.com\/wp-content\/uploads\/2023\/10\/468853_10151204604070968_38987680_o-720x480.jpg?v=1775002294 720w, https:\/\/frenchkisscook.com\/wp-content\/uploads\/2023\/10\/468853_10151204604070968_38987680_o-360x240.jpg?v=1775002294 360w, https:\/\/frenchkisscook.com\/wp-content\/uploads\/2023\/10\/468853_10151204604070968_38987680_o-768x512.jpg?v=1775002294 768w, https:\/\/frenchkisscook.com\/wp-content\/uploads\/2023\/10\/468853_10151204604070968_38987680_o-1536x1024.jpg?v=1775002294 1536w, https:\/\/frenchkisscook.com\/wp-content\/uploads\/2023\/10\/468853_10151204604070968_38987680_o-180x120.jpg?v=1775002294 180w, https:\/\/frenchkisscook.com\/wp-content\/uploads\/2023\/10\/468853_10151204604070968_38987680_o.jpg?v=1775002294 2048w\" sizes=\"auto, (max-width: 720px) 100vw, 720px\" \/><\/figure>\n\n\n\n<figure class=\"wp-block-image size-large\"><img loading=\"lazy\" decoding=\"async\" width=\"720\" height=\"480\" data-id=\"18710\" src=\"https:\/\/frenchkisscook.com\/wp-content\/uploads\/2026\/04\/46767537_10161269404935078_3468093844212416512_n-720x480.jpg\" alt=\"Alix et son &#xE9;quipe lors d'un &#xE9;v&#xE9;nement culinaire de collecte de fonds.\" class=\"wp-image-18710\" srcset=\"https:\/\/frenchkisscook.com\/wp-content\/uploads\/2026\/04\/46767537_10161269404935078_3468093844212416512_n-720x480.jpg 720w, https:\/\/frenchkisscook.com\/wp-content\/uploads\/2026\/04\/46767537_10161269404935078_3468093844212416512_n-360x240.jpg 360w, https:\/\/frenchkisscook.com\/wp-content\/uploads\/2026\/04\/46767537_10161269404935078_3468093844212416512_n-768x512.jpg 768w, https:\/\/frenchkisscook.com\/wp-content\/uploads\/2026\/04\/46767537_10161269404935078_3468093844212416512_n-180x120.jpg 180w, https:\/\/frenchkisscook.com\/wp-content\/uploads\/2026\/04\/46767537_10161269404935078_3468093844212416512_n.jpg 1080w\" sizes=\"auto, (max-width: 720px) 100vw, 720px\" \/><\/figure>\n\n\n\n<figure class=\"wp-block-image size-large\"><img loading=\"lazy\" decoding=\"async\" width=\"720\" height=\"720\" data-id=\"1371\" src=\"https:\/\/frenchkisscook.com\/wp-content\/uploads\/2023\/10\/70809093_10162470436075078_1442086242303868928_n-720x720.jpg?v=1775002290\" alt=\"Photo en noir et blanc de deux hommes portant des costumes, assis.\" class=\"wp-image-1371\" srcset=\"https:\/\/frenchkisscook.com\/wp-content\/uploads\/2023\/10\/70809093_10162470436075078_1442086242303868928_n-720x720.jpg?v=1775002290 720w, https:\/\/frenchkisscook.com\/wp-content\/uploads\/2023\/10\/70809093_10162470436075078_1442086242303868928_n-360x360.jpg?v=1775002290 360w, https:\/\/frenchkisscook.com\/wp-content\/uploads\/2023\/10\/70809093_10162470436075078_1442086242303868928_n-180x180.jpg?v=1775002290 180w, https:\/\/frenchkisscook.com\/wp-content\/uploads\/2023\/10\/70809093_10162470436075078_1442086242303868928_n-768x768.jpg?v=1775002290 768w, https:\/\/frenchkisscook.com\/wp-content\/uploads\/2023\/10\/70809093_10162470436075078_1442086242303868928_n-500x500.jpg?v=1775002290 500w, https:\/\/frenchkisscook.com\/wp-content\/uploads\/2023\/10\/70809093_10162470436075078_1442086242303868928_n.jpg?v=1775002290 1092w\" sizes=\"auto, (max-width: 720px) 100vw, 720px\" \/><\/figure>\n<\/figure>\n","protected":false},"excerpt":{"rendered":"<p>\u00c0 propos d\u2019Alix et de French Kiss Cook Bonjour ! Je m\u2019appelle Alix et merci d\u2019\u00eatre ici ! J\u2019ai cr\u00e9\u00e9 French Kiss Cook en 2008 afin de conserver les recettes de famille et celles que j\u2019avais essay\u00e9es. \u00c0 l\u2019\u00e9poque, c\u2019\u00e9tait probablement plus un journal de recettes qu\u2019autre chose.Depuis, j\u2019ai obtenu des dipl\u00f4mes dans deux \u00e9coles...<\/p>\n","protected":false},"author":1,"featured_media":14852,"parent":0,"menu_order":0,"comment_status":"closed","ping_status":"open","template":"","meta":{"wprm-recipe-roundup-name":"","wprm-recipe-roundup-description":"","_kad_post_transparent":"","_kad_post_title":"","_kad_post_layout":"","_kad_post_sidebar_id":"","_kad_post_content_style":"","_kad_post_vertical_padding":"","_kad_post_feature":"","_kad_post_feature_position":"","_kad_post_header":false,"_kad_post_footer":false,"_kad_post_classname":"","footnotes":""},"class_list":["post-14917","page","type-page","status-publish","has-post-thumbnail","hentry"],"yoast_head":"<!-- This site is optimized with the Yoast SEO Premium plugin v27.5 (Yoast SEO v27.5) - https:\/\/yoast.com\/product\/yoast-seo-premium-wordpress\/ -->\n<title>\u00c0 propos d\u2019Alix et de French Kiss Cook - French Kiss Cook<\/title>\n<meta name=\"description\" content=\"D\u00e9couvrez-en plus sur Alix, son parcours et les raisons pour lesquelles il a cr\u00e9\u00e9 le blog French Kiss Cook.Voyez des photos et apprenez des faits int\u00e9ressants !\" \/>\n<meta name=\"robots\" content=\"index, follow, max-snippet:-1, max-image-preview:large, max-video-preview:-1\" \/>\n<link rel=\"canonical\" href=\"https:\/\/frenchkisscook.com\/fr\/a-propos-dalix-et-de-french-kiss-cook\/\" \/>\n<meta property=\"og:locale\" content=\"fr_FR\" \/>\n<meta property=\"og:type\" content=\"article\" \/>\n<meta property=\"og:title\" content=\"\u00c0 propos d\u2019Alix et de French Kiss Cook\" \/>\n<meta property=\"og:description\" content=\"D\u00e9couvrez-en plus sur Alix, son parcours et les raisons pour lesquelles il a cr\u00e9\u00e9 le blog French Kiss Cook.Voyez des photos et apprenez des faits int\u00e9ressants !\" \/>\n<meta property=\"og:url\" content=\"https:\/\/frenchkisscook.com\/fr\/a-propos-dalix-et-de-french-kiss-cook\/\" \/>\n<meta property=\"og:site_name\" content=\"French Kiss Cook\" \/>\n<meta property=\"article:publisher\" content=\"https:\/\/www.facebook.com\/frenchkisscooking\" \/>\n<meta property=\"article:modified_time\" content=\"2026-04-18T00:33:00+00:00\" \/>\n<meta property=\"og:image\" content=\"https:\/\/frenchkisscook.com\/wp-content\/uploads\/2024\/01\/Icon-White-w-Blue-Background1200.jpg\" \/>\n\t<meta property=\"og:image:width\" content=\"1200\" \/>\n\t<meta property=\"og:image:height\" content=\"1200\" \/>\n\t<meta property=\"og:image:type\" content=\"image\/jpeg\" \/>\n<meta name=\"twitter:card\" content=\"summary_large_image\" \/>\n<meta name=\"twitter:label1\" content=\"Dur\u00e9e de lecture estim\u00e9e\" \/>\n\t<meta name=\"twitter:data1\" content=\"4 minutes\" \/>\n<script type=\"application\/ld+json\" class=\"yoast-schema-graph\">{\"@context\":\"https:\\\/\\\/schema.org\",\"@graph\":[{\"@type\":\"WebPage\",\"@id\":\"https:\\\/\\\/frenchkisscook.com\\\/fr\\\/a-propos-dalix-et-de-french-kiss-cook\\\/\",\"url\":\"https:\\\/\\\/frenchkisscook.com\\\/fr\\\/a-propos-dalix-et-de-french-kiss-cook\\\/\",\"name\":\"\u00c0 propos d\u2019Alix et de French Kiss Cook - French Kiss Cook\",\"isPartOf\":{\"@id\":\"https:\\\/\\\/frenchkisscook.com\\\/fr\\\/#website\"},\"primaryImageOfPage\":{\"@id\":\"https:\\\/\\\/frenchkisscook.com\\\/fr\\\/a-propos-dalix-et-de-french-kiss-cook\\\/#primaryimage\"},\"image\":{\"@id\":\"https:\\\/\\\/frenchkisscook.com\\\/fr\\\/a-propos-dalix-et-de-french-kiss-cook\\\/#primaryimage\"},\"thumbnailUrl\":\"https:\\\/\\\/frenchkisscook.com\\\/wp-content\\\/uploads\\\/2024\\\/01\\\/Icon-White-w-Blue-Background1200.jpg\",\"datePublished\":\"2023-06-26T02:37:02+00:00\",\"dateModified\":\"2026-04-18T00:33:00+00:00\",\"description\":\"D\u00e9couvrez-en plus sur Alix, son parcours et les raisons pour lesquelles il a cr\u00e9\u00e9 le blog French Kiss Cook.Voyez des photos et apprenez des faits int\u00e9ressants !\",\"breadcrumb\":{\"@id\":\"https:\\\/\\\/frenchkisscook.com\\\/fr\\\/a-propos-dalix-et-de-french-kiss-cook\\\/#breadcrumb\"},\"inLanguage\":\"fr-FR\",\"potentialAction\":[{\"@type\":\"ReadAction\",\"target\":[\"https:\\\/\\\/frenchkisscook.com\\\/fr\\\/a-propos-dalix-et-de-french-kiss-cook\\\/\"]}]},{\"@type\":\"ImageObject\",\"inLanguage\":\"fr-FR\",\"@id\":\"https:\\\/\\\/frenchkisscook.com\\\/fr\\\/a-propos-dalix-et-de-french-kiss-cook\\\/#primaryimage\",\"url\":\"https:\\\/\\\/frenchkisscook.com\\\/wp-content\\\/uploads\\\/2024\\\/01\\\/Icon-White-w-Blue-Background1200.jpg\",\"contentUrl\":\"https:\\\/\\\/frenchkisscook.com\\\/wp-content\\\/uploads\\\/2024\\\/01\\\/Icon-White-w-Blue-Background1200.jpg\",\"width\":1200,\"height\":1200,\"caption\":\"Image of a whisk which is the logo for French Kiss Cook.\"},{\"@type\":\"BreadcrumbList\",\"@id\":\"https:\\\/\\\/frenchkisscook.com\\\/fr\\\/a-propos-dalix-et-de-french-kiss-cook\\\/#breadcrumb\",\"itemListElement\":[{\"@type\":\"ListItem\",\"position\":1,\"name\":\"Home\",\"item\":\"https:\\\/\\\/frenchkisscook.com\\\/fr\\\/\"},{\"@type\":\"ListItem\",\"position\":2,\"name\":\"\u00c0 propos d\u2019Alix et de French Kiss Cook\"}]},{\"@type\":\"WebSite\",\"@id\":\"https:\\\/\\\/frenchkisscook.com\\\/fr\\\/#website\",\"url\":\"https:\\\/\\\/frenchkisscook.com\\\/fr\\\/\",\"name\":\"French Kiss Cook\",\"description\":\"Cooking &amp; Entertaining\",\"publisher\":{\"@id\":\"https:\\\/\\\/frenchkisscook.com\\\/fr\\\/#organization\"},\"potentialAction\":[{\"@type\":\"SearchAction\",\"target\":{\"@type\":\"EntryPoint\",\"urlTemplate\":\"https:\\\/\\\/frenchkisscook.com\\\/fr\\\/?s={search_term_string}\"},\"query-input\":{\"@type\":\"PropertyValueSpecification\",\"valueRequired\":true,\"valueName\":\"search_term_string\"}}],\"inLanguage\":\"fr-FR\"},{\"@type\":\"Organization\",\"@id\":\"https:\\\/\\\/frenchkisscook.com\\\/fr\\\/#organization\",\"name\":\"French Kiss Cook\",\"url\":\"https:\\\/\\\/frenchkisscook.com\\\/fr\\\/\",\"logo\":{\"@type\":\"ImageObject\",\"inLanguage\":\"fr-FR\",\"@id\":\"https:\\\/\\\/frenchkisscook.com\\\/fr\\\/#\\\/schema\\\/logo\\\/image\\\/\",\"url\":\"https:\\\/\\\/frenchkisscook.com\\\/wp-content\\\/uploads\\\/2023\\\/08\\\/Blue-w-Solid-White-Background.png?v=1775002697\",\"contentUrl\":\"https:\\\/\\\/frenchkisscook.com\\\/wp-content\\\/uploads\\\/2023\\\/08\\\/Blue-w-Solid-White-Background.png?v=1775002697\",\"width\":2532,\"height\":464,\"caption\":\"French Kiss Cook\"},\"image\":{\"@id\":\"https:\\\/\\\/frenchkisscook.com\\\/fr\\\/#\\\/schema\\\/logo\\\/image\\\/\"},\"sameAs\":[\"https:\\\/\\\/www.facebook.com\\\/frenchkisscooking\",\"https:\\\/\\\/www.instagram.com\\\/frenchkiss.cook\\\/\",\"https:\\\/\\\/www.tiktok.com\\\/@frenchkisscook\"]}]}<\/script>\n<!-- \/ Yoast SEO Premium plugin. -->","yoast_head_json":{"title":"\u00c0 propos d\u2019Alix et de French Kiss Cook - French Kiss Cook","description":"D\u00e9couvrez-en plus sur Alix, son parcours et les raisons pour lesquelles il a cr\u00e9\u00e9 le blog French Kiss Cook.Voyez des photos et apprenez des faits int\u00e9ressants !","robots":{"index":"index","follow":"follow","max-snippet":"max-snippet:-1","max-image-preview":"max-image-preview:large","max-video-preview":"max-video-preview:-1"},"canonical":"https:\/\/frenchkisscook.com\/fr\/a-propos-dalix-et-de-french-kiss-cook\/","og_locale":"fr_FR","og_type":"article","og_title":"\u00c0 propos d\u2019Alix et de French Kiss Cook","og_description":"D\u00e9couvrez-en plus sur Alix, son parcours et les raisons pour lesquelles il a cr\u00e9\u00e9 le blog French Kiss Cook.Voyez des photos et apprenez des faits int\u00e9ressants !","og_url":"https:\/\/frenchkisscook.com\/fr\/a-propos-dalix-et-de-french-kiss-cook\/","og_site_name":"French Kiss Cook","article_publisher":"https:\/\/www.facebook.com\/frenchkisscooking","article_modified_time":"2026-04-18T00:33:00+00:00","og_image":[{"width":1200,"height":1200,"url":"https:\/\/frenchkisscook.com\/wp-content\/uploads\/2024\/01\/Icon-White-w-Blue-Background1200.jpg","type":"image\/jpeg"}],"twitter_card":"summary_large_image","twitter_misc":{"Dur\u00e9e de lecture estim\u00e9e":"4 minutes"},"schema":{"@context":"https:\/\/schema.org","@graph":[{"@type":"WebPage","@id":"https:\/\/frenchkisscook.com\/fr\/a-propos-dalix-et-de-french-kiss-cook\/","url":"https:\/\/frenchkisscook.com\/fr\/a-propos-dalix-et-de-french-kiss-cook\/","name":"\u00c0 propos d\u2019Alix et de French Kiss Cook - French Kiss Cook","isPartOf":{"@id":"https:\/\/frenchkisscook.com\/fr\/#website"},"primaryImageOfPage":{"@id":"https:\/\/frenchkisscook.com\/fr\/a-propos-dalix-et-de-french-kiss-cook\/#primaryimage"},"image":{"@id":"https:\/\/frenchkisscook.com\/fr\/a-propos-dalix-et-de-french-kiss-cook\/#primaryimage"},"thumbnailUrl":"https:\/\/frenchkisscook.com\/wp-content\/uploads\/2024\/01\/Icon-White-w-Blue-Background1200.jpg","datePublished":"2023-06-26T02:37:02+00:00","dateModified":"2026-04-18T00:33:00+00:00","description":"D\u00e9couvrez-en plus sur Alix, son parcours et les raisons pour lesquelles il a cr\u00e9\u00e9 le blog French Kiss Cook.Voyez des photos et apprenez des faits int\u00e9ressants !","breadcrumb":{"@id":"https:\/\/frenchkisscook.com\/fr\/a-propos-dalix-et-de-french-kiss-cook\/#breadcrumb"},"inLanguage":"fr-FR","potentialAction":[{"@type":"ReadAction","target":["https:\/\/frenchkisscook.com\/fr\/a-propos-dalix-et-de-french-kiss-cook\/"]}]},{"@type":"ImageObject","inLanguage":"fr-FR","@id":"https:\/\/frenchkisscook.com\/fr\/a-propos-dalix-et-de-french-kiss-cook\/#primaryimage","url":"https:\/\/frenchkisscook.com\/wp-content\/uploads\/2024\/01\/Icon-White-w-Blue-Background1200.jpg","contentUrl":"https:\/\/frenchkisscook.com\/wp-content\/uploads\/2024\/01\/Icon-White-w-Blue-Background1200.jpg","width":1200,"height":1200,"caption":"Image of a whisk which is the logo for French Kiss Cook."},{"@type":"BreadcrumbList","@id":"https:\/\/frenchkisscook.com\/fr\/a-propos-dalix-et-de-french-kiss-cook\/#breadcrumb","itemListElement":[{"@type":"ListItem","position":1,"name":"Home","item":"https:\/\/frenchkisscook.com\/fr\/"},{"@type":"ListItem","position":2,"name":"\u00c0 propos d\u2019Alix et de French Kiss Cook"}]},{"@type":"WebSite","@id":"https:\/\/frenchkisscook.com\/fr\/#website","url":"https:\/\/frenchkisscook.com\/fr\/","name":"French Kiss Cook","description":"Cooking &amp; Entertaining","publisher":{"@id":"https:\/\/frenchkisscook.com\/fr\/#organization"},"potentialAction":[{"@type":"SearchAction","target":{"@type":"EntryPoint","urlTemplate":"https:\/\/frenchkisscook.com\/fr\/?s={search_term_string}"},"query-input":{"@type":"PropertyValueSpecification","valueRequired":true,"valueName":"search_term_string"}}],"inLanguage":"fr-FR"},{"@type":"Organization","@id":"https:\/\/frenchkisscook.com\/fr\/#organization","name":"French Kiss Cook","url":"https:\/\/frenchkisscook.com\/fr\/","logo":{"@type":"ImageObject","inLanguage":"fr-FR","@id":"https:\/\/frenchkisscook.com\/fr\/#\/schema\/logo\/image\/","url":"https:\/\/frenchkisscook.com\/wp-content\/uploads\/2023\/08\/Blue-w-Solid-White-Background.png?v=1775002697","contentUrl":"https:\/\/frenchkisscook.com\/wp-content\/uploads\/2023\/08\/Blue-w-Solid-White-Background.png?v=1775002697","width":2532,"height":464,"caption":"French Kiss Cook"},"image":{"@id":"https:\/\/frenchkisscook.com\/fr\/#\/schema\/logo\/image\/"},"sameAs":["https:\/\/www.facebook.com\/frenchkisscooking","https:\/\/www.instagram.com\/frenchkiss.cook\/","https:\/\/www.tiktok.com\/@frenchkisscook"]}]}},"_links":{"self":[{"href":"https:\/\/frenchkisscook.com\/fr\/wp-json\/wp\/v2\/pages\/14917","targetHints":{"allow":["GET"]}}],"collection":[{"href":"https:\/\/frenchkisscook.com\/fr\/wp-json\/wp\/v2\/pages"}],"about":[{"href":"https:\/\/frenchkisscook.com\/fr\/wp-json\/wp\/v2\/types\/page"}],"author":[{"embeddable":true,"href":"https:\/\/frenchkisscook.com\/fr\/wp-json\/wp\/v2\/users\/1"}],"replies":[{"embeddable":true,"href":"https:\/\/frenchkisscook.com\/fr\/wp-json\/wp\/v2\/comments?post=14917"}],"version-history":[{"count":5,"href":"https:\/\/frenchkisscook.com\/fr\/wp-json\/wp\/v2\/pages\/14917\/revisions"}],"predecessor-version":[{"id":19058,"href":"https:\/\/frenchkisscook.com\/fr\/wp-json\/wp\/v2\/pages\/14917\/revisions\/19058"}],"wp:featuredmedia":[{"embeddable":true,"href":"https:\/\/frenchkisscook.com\/fr\/wp-json\/wp\/v2\/media\/14852"}],"wp:attachment":[{"href":"https:\/\/frenchkisscook.com\/fr\/wp-json\/wp\/v2\/media?parent=14917"}],"curies":[{"name":"wp","href":"https:\/\/api.w.org\/{rel}","templated":true}]}}